{"id":60,"date":"2016-06-14T09:40:44","date_gmt":"2016-06-14T09:40:44","guid":{"rendered":"https:\/\/www.netlearninglab.com\/vai\/?page_id=60"},"modified":"2017-04-12T09:46:27","modified_gmt":"2017-04-12T09:46:27","slug":"e-learning","status":"publish","type":"page","link":"https:\/\/www.netlearninglab.com\/vai\/e-learning\/","title":{"rendered":"e-LEARNING"},"content":{"rendered":"<p><script>\/\/ <![CDATA[\n(function(i,s,o,g,r,a,m){i['GoogleAnalyticsObject']=r;i[r]=i[r]||function(){ (i[r].q=i[r].q||[]).push(arguments)},i[r].l=1*new Date();a=s.createElement(o), m=s.getElementsByTagName(o)[0];a.async=1;a.src=g;m.parentNode.insertBefore(a,m) })(window,document,'script','https:\/\/www.google-analytics.com\/analytics.js','ga'); ga('create', 'UA-93075256-1', 'auto'); ga('send', 'pageview');\n\/\/ ]]><\/script><br \/>\n<img loading=\"lazy\" class=\"imgsx alignnone\" src=\"https:\/\/www.netlearninglab.com\/vai\/wp-content\/uploads\/2016\/06\/elearning.jpg\" alt=\"Hands of an office woman typing\" width=\"400\" height=\"250\" \/><\/p>\n<p style=\"font-size: 70%;\"><em>L&#8217;immagine \u00e8 stata realizzata da<\/em> <a href=\"http:\/\/www.freepik.com\" target=\"blank\">Freepik<\/a>.<\/p>\n<p style=\"margin-top: 3em;\">NetLearningLab \u00e8 una piattaforma per l&#8217;e-learning. Si basa su MOODLE, un software open source utilizzato da universit\u00e0, aziende, organizzazioni internazionali. Contiene strumenti per la formazione, la collaborazione, il networking e un&#8217;aula virtuale per la realizzazione di meeting e webinar.<\/p>\n","protected":false},"excerpt":{"rendered":"<p>L&#8217;immagine \u00e8 stata realizzata da Freepik. NetLearningLab \u00e8 una piattaforma per l&#8217;e-learning. Si basa su MOODLE, un software open source utilizzato da universit\u00e0, aziende, organizzazioni internazionali. Contiene strumenti per la formazione, la collaborazione, il networking e un&#8217;aula virtuale per la realizzazione di meeting e webinar.<\/p>\n","protected":false},"author":1,"featured_media":0,"parent":0,"menu_order":0,"comment_status":"closed","ping_status":"closed","template":"","meta":[],"_links":{"self":[{"href":"https:\/\/www.netlearninglab.com\/vai\/wp-json\/wp\/v2\/pages\/60"}],"collection":[{"href":"https:\/\/www.netlearninglab.com\/vai\/wp-json\/wp\/v2\/pages"}],"about":[{"href":"https:\/\/www.netlearninglab.com\/vai\/wp-json\/wp\/v2\/types\/page"}],"author":[{"embeddable":true,"href":"https:\/\/www.netlearninglab.com\/vai\/wp-json\/wp\/v2\/users\/1"}],"replies":[{"embeddable":true,"href":"https:\/\/www.netlearninglab.com\/vai\/wp-json\/wp\/v2\/comments?post=60"}],"version-history":[{"count":15,"href":"https:\/\/www.netlearninglab.com\/vai\/wp-json\/wp\/v2\/pages\/60\/revisions"}],"predecessor-version":[{"id":242,"href":"https:\/\/www.netlearninglab.com\/vai\/wp-json\/wp\/v2\/pages\/60\/revisions\/242"}],"wp:attachment":[{"href":"https:\/\/www.netlearninglab.com\/vai\/wp-json\/wp\/v2\/media?parent=60"}],"curies":[{"name":"wp","href":"https:\/\/api.w.org\/{rel}","templated":true}]}}